{"id":11,"date":"2023-10-16T18:44:26","date_gmt":"2023-10-17T00:44:26","guid":{"rendered":"https:\/\/descubreguate.com\/?page_id=11"},"modified":"2023-10-22T23:14:58","modified_gmt":"2023-10-23T05:14:58","slug":"about-descubreguate","status":"publish","type":"page","link":"https:\/\/descubreguate.com\/es\/about-descubreguate\/","title":{"rendered":"Porque Guatemala?"},"content":{"rendered":"<div data-elementor-type=\"wp-page\" data-elementor-id=\"11\" class=\"elementor elementor-11\">\n\t\t\t\t<div class=\"elementor-element elementor-element-5eeea6c5 e-flex e-con-boxed e-con e-parent\" data-id=\"5eeea6c5\" data-element_type=\"container\" data-e-type=\"container\">\n\t\t\t\t\t<div class=\"e-con-inner\">\n\t\t\t\t<div class=\"elementor-element elementor-element-7157268c elementor-widget elementor-widget-text-editor\" data-id=\"7157268c\" data-element_type=\"widget\" data-e-type=\"widget\" data-widget_type=\"text-editor.default\">\n\t\t\t\t<div class=\"elementor-widget-container\">\n\t\t\t\t\t\t\t\t\t\n<p>Ubicada en el coraz\u00f3n de Centroam\u00e9rica, Guatemala atrae a los aventureros con un tapiz de paisajes impresionantes y un rico patrimonio cultural que cautiva el alma. Este encantador pa\u00eds es una joya escondida que espera ser descubierta. He aqu\u00ed por qu\u00e9 deber\u00edas hacer las maletas y embarcarte en un viaje a Guatemala.<\/p>\n\t\t\t\t\t\t\t\t<\/div>\n\t\t\t\t<\/div>\n\t\t\t\t\t<\/div>\n\t\t\t\t<\/div>\n\t\t<div class=\"elementor-element elementor-element-2c6045d e-flex e-con-boxed e-con e-parent\" data-id=\"2c6045d\" data-element_type=\"container\" data-e-type=\"container\">\n\t\t\t\t\t<div class=\"e-con-inner\">\n\t\t\t\t<div class=\"elementor-element elementor-element-afef0f7 elementor-widget elementor-widget-text-editor\" data-id=\"afef0f7\" data-element_type=\"widget\" data-e-type=\"widget\" data-widget_type=\"text-editor.default\">\n\t\t\t\t<div class=\"elementor-widget-container\">\n\t\t\t\t\t\t\t\t\t<p><span style=\"color: var( --e-global-color-text ); font-family: var( --e-global-typography-text-font-family ), Sans-serif; font-weight: var( --e-global-typography-text-font-weight ); text-align: var(--text-align);\">Primero, la belleza natural de Guatemala es fascinante. Desde los imponentes volcanes del lago Atitl\u00e1n hasta las exuberantes selvas de Pet\u00e9n, el pa\u00eds cuenta con una amplia gama de ecosistemas. Explora antiguas ruinas mayas como Tikal, envueltas en misterio e historia, o pi\u00e9rdete en los colores vibrantes del mercado de Chichicastenango.<\/span><\/p>\t\t\t\t\t\t\t\t<\/div>\n\t\t\t\t<\/div>\n\t\t\t\t\t<\/div>\n\t\t\t\t<\/div>\n\t\t<div class=\"elementor-element elementor-element-c6b3431 e-flex e-con-boxed e-con e-parent\" data-id=\"c6b3431\" data-element_type=\"container\" data-e-type=\"container\">\n\t\t\t\t\t<div class=\"e-con-inner\">\n\t\t\t\t<div class=\"elementor-element elementor-element-0a613e4 elementor-widget elementor-widget-text-editor\" data-id=\"0a613e4\" data-element_type=\"widget\" data-e-type=\"widget\" data-widget_type=\"text-editor.default\">\n\t\t\t\t<div class=\"elementor-widget-container\">\n\t\t\t\t\t\t\t\t\t<p><span style=\"color: var( --e-global-color-text ); font-family: var( --e-global-typography-text-font-family ), Sans-serif; font-weight: var( --e-global-typography-text-font-weight ); text-align: var(--text-align);\">La calidez del pueblo guatemalteco es contagiosa. Sum\u00e9rgete en sus tradiciones, saborea su sabrosa cocina y baila al ritmo de la m\u00fasica de marimba. El tapiz cultural aqu\u00ed est\u00e1 tejido con una rica historia que se remonta a la civilizaci\u00f3n maya y cobra vida en las bulliciosas calles y coloridos festivales.<\/span><\/p>\t\t\t\t\t\t\t\t<\/div>\n\t\t\t\t<\/div>\n\t\t\t\t\t<\/div>\n\t\t\t\t<\/div>\n\t\t<div class=\"elementor-element elementor-element-3db2df6 e-flex e-con-boxed e-con e-parent\" data-id=\"3db2df6\" data-element_type=\"container\" data-e-type=\"container\">\n\t\t\t\t\t<div class=\"e-con-inner\">\n\t\t\t\t<div class=\"elementor-element elementor-element-b9b446f elementor-widget elementor-widget-text-editor\" data-id=\"b9b446f\" data-element_type=\"widget\" data-e-type=\"widget\" data-widget_type=\"text-editor.default\">\n\t\t\t\t<div class=\"elementor-widget-container\">\n\t\t\t\t\t\t\t\t\t<p>Guatemala es el para\u00edso para los buscadores de aventuras. Camine por densos bosques tropicales, escale volcanes, navegue en kayak en lagos serenos o sum\u00e9rjase en aguas cristalinas frente a la costa caribe\u00f1a. El pa\u00eds ofrece una variedad de actividades al aire libre para los amantes de las emociones fuertes.<\/p>\t\t\t\t\t\t\t\t<\/div>\n\t\t\t\t<\/div>\n\t\t\t\t\t<\/div>\n\t\t\t\t<\/div>\n\t\t<div class=\"elementor-element elementor-element-5653fdd e-flex e-con-boxed e-con e-parent\" data-id=\"5653fdd\" data-element_type=\"container\" data-e-type=\"container\">\n\t\t\t\t\t<div class=\"e-con-inner\">\n\t\t\t\t<div class=\"elementor-element elementor-element-e0df529 elementor-widget elementor-widget-text-editor\" data-id=\"e0df529\" data-element_type=\"widget\" data-e-type=\"widget\" data-widget_type=\"text-editor.default\">\n\t\t\t\t<div class=\"elementor-widget-container\">\n\t\t\t\t\t\t\t\t\t<p>\u00a0<span style=\"color: var( --e-global-color-text ); font-family: var( --e-global-typography-text-font-family ), Sans-serif; font-weight: var( --e-global-typography-text-font-weight ); text-align: var(--text-align);\">En Guatemala, cada momento se convierte en una historia, cada vista en un recuerdo y cada encuentro en una conexi\u00f3n preciada. Entonces, venga a experimentar la magia de Guatemala, una tierra donde la naturaleza, la historia y la cultura se entrelazan para crear un tapiz de experiencias inolvidable.<\/span><\/p>\t\t\t\t\t\t\t\t<\/div>\n\t\t\t\t<\/div>\n\t\t\t\t\t<\/div>\n\t\t\t\t<\/div>\n\t\t\t\t<\/div>","protected":false},"excerpt":{"rendered":"<p>Ubicada en el coraz\u00f3n de Centroam\u00e9rica, Guatemala atrae a los aventureros con un tapiz de paisajes impresionantes y un rico patrimonio cultural que cautiva el alma. \u2026 <\/p>","protected":false},"author":1,"featured_media":124,"parent":0,"menu_order":0,"comment_status":"closed","ping_status":"closed","template":"","meta":{"_monsterinsights_skip_tracking":false,"_monsterinsights_sitenote_active":false,"_monsterinsights_sitenote_note":"","_monsterinsights_sitenote_category":0,"footnotes":""},"class_list":["post-11","page","type-page","status-publish","has-post-thumbnail","hentry"],"yoast_head":"<!-- This site is optimized with the Yoast SEO plugin v27.4 - https:\/\/yoast.com\/product\/yoast-seo-wordpress\/ -->\n<title>Why Guatemala? - Descubre Guate<\/title>\n<meta name=\"description\" content=\"The warmth of the Guatemalan people is infectious. Immerse yourself in their traditions, savor their flavorful cuisine, and music.\" \/>\n<meta name=\"robots\" content=\"index, follow, max-snippet:-1, max-image-preview:large, max-video-preview:-1\" \/>\n<link rel=\"canonical\" href=\"https:\/\/descubreguate.com\/es\/about-descubreguate\/\" \/>\n<meta property=\"og:locale\" content=\"es_ES\" \/>\n<meta property=\"og:type\" content=\"article\" \/>\n<meta property=\"og:title\" content=\"Why Guatemala? - Descubre Guate\" \/>\n<meta property=\"og:description\" content=\"The warmth of the Guatemalan people is infectious. Immerse yourself in their traditions, savor their flavorful cuisine, and music.\" \/>\n<meta property=\"og:url\" content=\"https:\/\/descubreguate.com\/es\/about-descubreguate\/\" \/>\n<meta property=\"og:site_name\" content=\"Descubre Guate\" \/>\n<meta property=\"article:modified_time\" content=\"2023-10-23T05:14:58+00:00\" \/>\n<meta property=\"og:image\" content=\"https:\/\/descubreguate.com\/wp-content\/uploads\/2023\/10\/Tour-Travel.jpg\" \/>\n\t<meta property=\"og:image:width\" content=\"1200\" \/>\n\t<meta property=\"og:image:height\" content=\"600\" \/>\n\t<meta property=\"og:image:type\" content=\"image\/jpeg\" \/>\n<meta name=\"twitter:card\" content=\"summary_large_image\" \/>\n<meta name=\"twitter:label1\" content=\"Est. reading time\" \/>\n\t<meta name=\"twitter:data1\" content=\"1 minuto\" \/>\n<script type=\"application\/ld+json\" class=\"yoast-schema-graph\">{\"@context\":\"https:\\\/\\\/schema.org\",\"@graph\":[{\"@type\":\"WebPage\",\"@id\":\"https:\\\/\\\/descubreguate.com\\\/about-descubreguate\\\/\",\"url\":\"https:\\\/\\\/descubreguate.com\\\/about-descubreguate\\\/\",\"name\":\"Why Guatemala? - Descubre Guate\",\"isPartOf\":{\"@id\":\"https:\\\/\\\/descubreguate.com\\\/#website\"},\"primaryImageOfPage\":{\"@id\":\"https:\\\/\\\/descubreguate.com\\\/about-descubreguate\\\/#primaryimage\"},\"image\":{\"@id\":\"https:\\\/\\\/descubreguate.com\\\/about-descubreguate\\\/#primaryimage\"},\"thumbnailUrl\":\"https:\\\/\\\/descubreguate.com\\\/wp-content\\\/uploads\\\/2023\\\/10\\\/Tour-Travel.jpg\",\"datePublished\":\"2023-10-17T00:44:26+00:00\",\"dateModified\":\"2023-10-23T05:14:58+00:00\",\"description\":\"The warmth of the Guatemalan people is infectious. Immerse yourself in their traditions, savor their flavorful cuisine, and music.\",\"breadcrumb\":{\"@id\":\"https:\\\/\\\/descubreguate.com\\\/about-descubreguate\\\/#breadcrumb\"},\"inLanguage\":\"es\",\"potentialAction\":[{\"@type\":\"ReadAction\",\"target\":[\"https:\\\/\\\/descubreguate.com\\\/about-descubreguate\\\/\"]}]},{\"@type\":\"ImageObject\",\"inLanguage\":\"es\",\"@id\":\"https:\\\/\\\/descubreguate.com\\\/about-descubreguate\\\/#primaryimage\",\"url\":\"https:\\\/\\\/descubreguate.com\\\/wp-content\\\/uploads\\\/2023\\\/10\\\/Tour-Travel.jpg\",\"contentUrl\":\"https:\\\/\\\/descubreguate.com\\\/wp-content\\\/uploads\\\/2023\\\/10\\\/Tour-Travel.jpg\",\"width\":1200,\"height\":600,\"caption\":\"Descubre Guate banner with beach sunset in the background.\"},{\"@type\":\"BreadcrumbList\",\"@id\":\"https:\\\/\\\/descubreguate.com\\\/about-descubreguate\\\/#breadcrumb\",\"itemListElement\":[{\"@type\":\"ListItem\",\"position\":1,\"name\":\"Home\",\"item\":\"https:\\\/\\\/descubreguate.com\\\/\"},{\"@type\":\"ListItem\",\"position\":2,\"name\":\"Why Guatemala?\"}]},{\"@type\":\"WebSite\",\"@id\":\"https:\\\/\\\/descubreguate.com\\\/#website\",\"url\":\"https:\\\/\\\/descubreguate.com\\\/\",\"name\":\"Descubre Guate\",\"description\":\"Descubriendo lo mejor del pa\u00eds de la Eterna Primavera\",\"publisher\":{\"@id\":\"https:\\\/\\\/descubreguate.com\\\/#\\\/schema\\\/person\\\/d6c54f288a9b7924a3811a3a23bd6919\"},\"potentialAction\":[{\"@type\":\"SearchAction\",\"target\":{\"@type\":\"EntryPoint\",\"urlTemplate\":\"https:\\\/\\\/descubreguate.com\\\/?s={search_term_string}\"},\"query-input\":{\"@type\":\"PropertyValueSpecification\",\"valueRequired\":true,\"valueName\":\"search_term_string\"}}],\"inLanguage\":\"es\"},{\"@type\":[\"Person\",\"Organization\"],\"@id\":\"https:\\\/\\\/descubreguate.com\\\/#\\\/schema\\\/person\\\/d6c54f288a9b7924a3811a3a23bd6919\",\"name\":\"Lando\",\"image\":{\"@type\":\"ImageObject\",\"inLanguage\":\"es\",\"@id\":\"https:\\\/\\\/descubreguate.com\\\/wp-content\\\/uploads\\\/2023\\\/10\\\/cropped-cropped-Add-a-subheading.png\",\"url\":\"https:\\\/\\\/descubreguate.com\\\/wp-content\\\/uploads\\\/2023\\\/10\\\/cropped-cropped-Add-a-subheading.png\",\"contentUrl\":\"https:\\\/\\\/descubreguate.com\\\/wp-content\\\/uploads\\\/2023\\\/10\\\/cropped-cropped-Add-a-subheading.png\",\"width\":800,\"height\":250,\"caption\":\"Lando\"},\"logo\":{\"@id\":\"https:\\\/\\\/descubreguate.com\\\/wp-content\\\/uploads\\\/2023\\\/10\\\/cropped-cropped-Add-a-subheading.png\"},\"sameAs\":[\"https:\\\/\\\/descubreguate.com\"]}]}<\/script>\n<!-- \/ Yoast SEO plugin. -->","yoast_head_json":{"title":"Why Guatemala? - Descubre Guate","description":"The warmth of the Guatemalan people is infectious. Immerse yourself in their traditions, savor their flavorful cuisine, and music.","robots":{"index":"index","follow":"follow","max-snippet":"max-snippet:-1","max-image-preview":"max-image-preview:large","max-video-preview":"max-video-preview:-1"},"canonical":"https:\/\/descubreguate.com\/es\/about-descubreguate\/","og_locale":"es_ES","og_type":"article","og_title":"Why Guatemala? - Descubre Guate","og_description":"The warmth of the Guatemalan people is infectious. Immerse yourself in their traditions, savor their flavorful cuisine, and music.","og_url":"https:\/\/descubreguate.com\/es\/about-descubreguate\/","og_site_name":"Descubre Guate","article_modified_time":"2023-10-23T05:14:58+00:00","og_image":[{"width":1200,"height":600,"url":"https:\/\/descubreguate.com\/wp-content\/uploads\/2023\/10\/Tour-Travel.jpg","type":"image\/jpeg"}],"twitter_card":"summary_large_image","twitter_misc":{"Est. reading time":"1 minuto"},"schema":{"@context":"https:\/\/schema.org","@graph":[{"@type":"WebPage","@id":"https:\/\/descubreguate.com\/about-descubreguate\/","url":"https:\/\/descubreguate.com\/about-descubreguate\/","name":"Why Guatemala? - Descubre Guate","isPartOf":{"@id":"https:\/\/descubreguate.com\/#website"},"primaryImageOfPage":{"@id":"https:\/\/descubreguate.com\/about-descubreguate\/#primaryimage"},"image":{"@id":"https:\/\/descubreguate.com\/about-descubreguate\/#primaryimage"},"thumbnailUrl":"https:\/\/descubreguate.com\/wp-content\/uploads\/2023\/10\/Tour-Travel.jpg","datePublished":"2023-10-17T00:44:26+00:00","dateModified":"2023-10-23T05:14:58+00:00","description":"The warmth of the Guatemalan people is infectious. Immerse yourself in their traditions, savor their flavorful cuisine, and music.","breadcrumb":{"@id":"https:\/\/descubreguate.com\/about-descubreguate\/#breadcrumb"},"inLanguage":"es","potentialAction":[{"@type":"ReadAction","target":["https:\/\/descubreguate.com\/about-descubreguate\/"]}]},{"@type":"ImageObject","inLanguage":"es","@id":"https:\/\/descubreguate.com\/about-descubreguate\/#primaryimage","url":"https:\/\/descubreguate.com\/wp-content\/uploads\/2023\/10\/Tour-Travel.jpg","contentUrl":"https:\/\/descubreguate.com\/wp-content\/uploads\/2023\/10\/Tour-Travel.jpg","width":1200,"height":600,"caption":"Descubre Guate banner with beach sunset in the background."},{"@type":"BreadcrumbList","@id":"https:\/\/descubreguate.com\/about-descubreguate\/#breadcrumb","itemListElement":[{"@type":"ListItem","position":1,"name":"Home","item":"https:\/\/descubreguate.com\/"},{"@type":"ListItem","position":2,"name":"Why Guatemala?"}]},{"@type":"WebSite","@id":"https:\/\/descubreguate.com\/#website","url":"https:\/\/descubreguate.com\/","name":"Descubre Guate","description":"Descubriendo lo mejor del pa\u00eds de la Eterna Primavera","publisher":{"@id":"https:\/\/descubreguate.com\/#\/schema\/person\/d6c54f288a9b7924a3811a3a23bd6919"},"potentialAction":[{"@type":"SearchAction","target":{"@type":"EntryPoint","urlTemplate":"https:\/\/descubreguate.com\/?s={search_term_string}"},"query-input":{"@type":"PropertyValueSpecification","valueRequired":true,"valueName":"search_term_string"}}],"inLanguage":"es"},{"@type":["Person","Organization"],"@id":"https:\/\/descubreguate.com\/#\/schema\/person\/d6c54f288a9b7924a3811a3a23bd6919","name":"Lando","image":{"@type":"ImageObject","inLanguage":"es","@id":"https:\/\/descubreguate.com\/wp-content\/uploads\/2023\/10\/cropped-cropped-Add-a-subheading.png","url":"https:\/\/descubreguate.com\/wp-content\/uploads\/2023\/10\/cropped-cropped-Add-a-subheading.png","contentUrl":"https:\/\/descubreguate.com\/wp-content\/uploads\/2023\/10\/cropped-cropped-Add-a-subheading.png","width":800,"height":250,"caption":"Lando"},"logo":{"@id":"https:\/\/descubreguate.com\/wp-content\/uploads\/2023\/10\/cropped-cropped-Add-a-subheading.png"},"sameAs":["https:\/\/descubreguate.com"]}]}},"_links":{"self":[{"href":"https:\/\/descubreguate.com\/es\/wp-json\/wp\/v2\/pages\/11","targetHints":{"allow":["GET"]}}],"collection":[{"href":"https:\/\/descubreguate.com\/es\/wp-json\/wp\/v2\/pages"}],"about":[{"href":"https:\/\/descubreguate.com\/es\/wp-json\/wp\/v2\/types\/page"}],"author":[{"embeddable":true,"href":"https:\/\/descubreguate.com\/es\/wp-json\/wp\/v2\/users\/1"}],"replies":[{"embeddable":true,"href":"https:\/\/descubreguate.com\/es\/wp-json\/wp\/v2\/comments?post=11"}],"version-history":[{"count":5,"href":"https:\/\/descubreguate.com\/es\/wp-json\/wp\/v2\/pages\/11\/revisions"}],"predecessor-version":[{"id":244,"href":"https:\/\/descubreguate.com\/es\/wp-json\/wp\/v2\/pages\/11\/revisions\/244"}],"wp:featuredmedia":[{"embeddable":true,"href":"https:\/\/descubreguate.com\/es\/wp-json\/wp\/v2\/media\/124"}],"wp:attachment":[{"href":"https:\/\/descubreguate.com\/es\/wp-json\/wp\/v2\/media?parent=11"}],"curies":[{"name":"wp","href":"https:\/\/api.w.org\/{rel}","templated":true}]}}